{"id":3007,"date":"2025-11-27T10:05:22","date_gmt":"2025-11-27T13:05:22","guid":{"rendered":"https:\/\/ibs-energy.com.br\/?page_id=3007"},"modified":"2025-11-27T10:07:58","modified_gmt":"2025-11-27T13:07:58","slug":"contato-nao-enviado","status":"publish","type":"page","link":"https:\/\/ibs-energy.com.br\/en\/contato-nao-enviado\/","title":{"rendered":"Contato N\u00e3o Enviado"},"content":{"rendered":"<div data-elementor-type=\"wp-page\" data-elementor-id=\"3007\" class=\"elementor elementor-3007\" data-elementor-post-type=\"page\">\n\t\t\t\t<div class=\"elementor-element elementor-element-499ba09 e-con-full e-flex wpr-particle-no wpr-jarallax-no wpr-parallax-no wpr-sticky-section-no e-con e-parent\" data-id=\"499ba09\" data-element_type=\"container\" data-e-type=\"container\">\n\t\t<div class=\"elementor-element elementor-element-7a1abde e-con-full e-flex wpr-particle-no wpr-jarallax-no wpr-parallax-no wpr-sticky-section-no e-con e-child\" data-id=\"7a1abde\" data-element_type=\"container\" data-e-type=\"container\" data-settings=\"{&quot;background_background&quot;:&quot;classic&quot;}\">\n\t\t<div class=\"elementor-element elementor-element-4e3157e e-con-full e-flex wpr-particle-no wpr-jarallax-no wpr-parallax-no wpr-sticky-section-no e-con e-child\" data-id=\"4e3157e\" data-element_type=\"container\" data-e-type=\"container\">\n\t\t\t\t<div class=\"elementor-element elementor-element-b86fbcd elementor-widget elementor-widget-heading\" data-id=\"b86fbcd\" data-element_type=\"widget\" data-e-type=\"widget\" data-widget_type=\"heading.default\">\n\t\t\t\t<div class=\"elementor-widget-container\">\n\t\t\t\t\t<h1 class=\"elementor-heading-title elementor-size-default\">CONTACT US<\/h1>\t\t\t\t<\/div>\n\t\t\t\t<\/div>\n\t\t\t\t<div class=\"elementor-element elementor-element-6eb7987 elementor-widget elementor-widget-heading\" data-id=\"6eb7987\" data-element_type=\"widget\" data-e-type=\"widget\" data-widget_type=\"heading.default\">\n\t\t\t\t<div class=\"elementor-widget-container\">\n\t\t\t\t\t<h2 class=\"elementor-heading-title elementor-size-default\">Preencha todos os campos do formul\u00e1rio corretamente.\n<\/h2>\t\t\t\t<\/div>\n\t\t\t\t<\/div>\n\t\t\t\t<div class=\"elementor-element elementor-element-9459d7d elementor-widget elementor-widget-heading\" data-id=\"9459d7d\" data-element_type=\"widget\" data-e-type=\"widget\" data-widget_type=\"heading.default\">\n\t\t\t\t<div class=\"elementor-widget-container\">\n\t\t\t\t\t<h2 class=\"elementor-heading-title elementor-size-default\">Seu contato n\u00e3o foi enviado!<\/h2>\t\t\t\t<\/div>\n\t\t\t\t<\/div>\n\t\t\t\t<\/div>\n\t\t<div class=\"elementor-element elementor-element-2670762 e-con-full e-flex wpr-particle-no wpr-jarallax-no wpr-parallax-no wpr-sticky-section-no e-con e-child\" data-id=\"2670762\" data-element_type=\"container\" data-e-type=\"container\" data-settings=\"{&quot;background_background&quot;:&quot;classic&quot;}\">\n\t\t\t\t<div class=\"elementor-element elementor-element-8492675 elementor-view-default elementor-widget elementor-widget-icon\" data-id=\"8492675\" data-element_type=\"widget\" data-e-type=\"widget\" data-widget_type=\"icon.default\">\n\t\t\t\t<div class=\"elementor-widget-container\">\n\t\t\t\t\t\t\t<div class=\"elementor-icon-wrapper\">\n\t\t\t<div class=\"elementor-icon\">\n\t\t\t<svg xmlns=\"http:\/\/www.w3.org\/2000\/svg\" width=\"113\" height=\"113\" viewbox=\"0 0 113 113\" fill=\"none\"><path d=\"M56.5007 56.5003C51.3215 56.5003 47.084 52.2628 47.084 47.0837C47.084 41.9045 51.3215 37.667 56.5007 37.667C61.6798 37.667 65.9173 41.9045 65.9173 47.0837C65.9173 52.2628 61.6798 56.5003 56.5007 56.5003ZM84.7507 48.0253C84.7507 30.9341 72.2736 18.8337 56.5007 18.8337C40.7277 18.8337 28.2507 30.9341 28.2507 48.0253C28.2507 59.0428 37.4319 73.6387 56.5007 91.0595C75.5694 73.6387 84.7507 59.0428 84.7507 48.0253ZM56.5007 9.41699C76.2757 9.41699 94.1673 24.5778 94.1673 48.0253C94.1673 63.657 81.5961 82.1607 56.5007 103.584C31.4052 82.1607 18.834 63.657 18.834 48.0253C18.834 24.5778 36.7257 9.41699 56.5007 9.41699Z\" fill=\"#162B75\"><\/path><\/svg>\t\t\t<\/div>\n\t\t<\/div>\n\t\t\t\t\t\t<\/div>\n\t\t\t\t<\/div>\n\t\t<div class=\"elementor-element elementor-element-1dd4ad3 e-con-full e-flex wpr-particle-no wpr-jarallax-no wpr-parallax-no wpr-sticky-section-no e-con e-child\" data-id=\"1dd4ad3\" data-element_type=\"container\" data-e-type=\"container\">\n\t\t\t\t<div class=\"elementor-element elementor-element-2f39edb elementor-widget elementor-widget-heading\" data-id=\"2f39edb\" data-element_type=\"widget\" data-e-type=\"widget\" data-widget_type=\"heading.default\">\n\t\t\t\t<div class=\"elementor-widget-container\">\n\t\t\t\t\t<h5 class=\"elementor-heading-title elementor-size-default\">Address<\/h5>\t\t\t\t<\/div>\n\t\t\t\t<\/div>\n\t\t\t\t<div class=\"elementor-element elementor-element-435bbb1 elementor-widget elementor-widget-text-editor\" data-id=\"435bbb1\" data-element_type=\"widget\" data-e-type=\"widget\" data-widget_type=\"text-editor.default\">\n\t\t\t\t<div class=\"elementor-widget-container\">\n\t\t\t\t\t\t\t\t\t<p>Av. Roque Petroni J\u00fanior, 850 &#8211; Torre Jaceru, 11\u00ba andar &#8211; Conj. 111 &#8211; Jd. das Ac\u00e1cias, S\u00e3o Paulo\/SP &#8211; 04707-000<\/p>\t\t\t\t\t\t\t\t<\/div>\n\t\t\t\t<\/div>\n\t\t\t\t<\/div>\n\t\t\t\t<\/div>\n\t\t\t\t<\/div>\n\t\t<div class=\"elementor-element elementor-element-c3029bd e-con-full e-flex wpr-particle-no wpr-jarallax-no wpr-parallax-no wpr-sticky-section-no e-con e-child\" data-id=\"c3029bd\" data-element_type=\"container\" data-e-type=\"container\">\n\t\t\t\t<div class=\"elementor-element elementor-element-1e55dca elementor-widget__width-auto elementor-widget elementor-widget-google_maps\" data-id=\"1e55dca\" data-element_type=\"widget\" data-e-type=\"widget\" data-widget_type=\"google_maps.default\">\n\t\t\t\t<div class=\"elementor-widget-container\">\n\t\t\t\t\t\t\t<div class=\"elementor-custom-embed\">\n\t\t\t<iframe loading=\"lazy\"\n\t\t\t\t\tsrc=\"https:\/\/maps.google.com\/maps?q=Av.%20Roque%20Petroni%20J%C3%BAnior%2C%20850%20-%20111%20-%20Jardim%20das%20Acacias&#038;t=m&#038;z=12&#038;output=embed&#038;iwloc=near\"\n\t\t\t\t\ttitle=\"Av. Roque Petroni J\u00fanior, 850 - 111 - Jardim das Acacias\"\n\t\t\t\t\taria-label=\"Av. Roque Petroni J\u00fanior, 850 - 111 - Jardim das Acacias\"\n\t\t\t><\/iframe>\n\t\t<\/div>\n\t\t\t\t\t\t<\/div>\n\t\t\t\t<\/div>\n\t\t\t\t<\/div>\n\t\t\t\t<\/div>\n\t\t<div class=\"elementor-element elementor-element-2d07478 e-flex e-con-boxed wpr-particle-no wpr-jarallax-no wpr-parallax-no wpr-sticky-section-no e-con e-parent\" data-id=\"2d07478\" data-element_type=\"container\" data-e-type=\"container\">\n\t\t\t\t\t<div class=\"e-con-inner\">\n\t\t<div class=\"elementor-element elementor-element-97311d2 e-con-full e-flex wpr-particle-no wpr-jarallax-no wpr-parallax-no wpr-sticky-section-no e-con e-child\" data-id=\"97311d2\" data-element_type=\"container\" data-e-type=\"container\" data-settings=\"{&quot;background_background&quot;:&quot;classic&quot;}\">\n\t\t\t\t<div class=\"elementor-element elementor-element-bca46f8 elementor-icon-list--layout-traditional elementor-list-item-link-full_width elementor-widget elementor-widget-icon-list\" data-id=\"bca46f8\" data-element_type=\"widget\" data-e-type=\"widget\" data-widget_type=\"icon-list.default\">\n\t\t\t\t<div class=\"elementor-widget-container\">\n\t\t\t\t\t\t\t<ul class=\"elementor-icon-list-items\">\n\t\t\t\t\t\t\t<li class=\"elementor-icon-list-item\">\n\t\t\t\t\t\t\t\t\t\t\t<span class=\"elementor-icon-list-icon\">\n\t\t\t\t\t\t\t<svg xmlns=\"http:\/\/www.w3.org\/2000\/svg\" width=\"35\" height=\"29\" viewbox=\"0 0 35 29\" fill=\"none\"><path fill-rule=\"evenodd\" clip-rule=\"evenodd\" d=\"M13.5821 19.4205C18.2039 24.0414 22.4868 24.5474 23.7441 24.5942C25.2635 24.6495 26.8141 23.4093 27.4848 22.139C26.415 20.8843 25.0218 19.9109 23.4953 18.8557C22.5961 19.7546 21.4879 21.4251 20.0094 20.8266C19.1692 20.4889 17.0944 19.5335 15.2818 17.72C13.4679 15.9077 12.5135 13.8334 12.1733 12.9946C11.5747 11.5152 13.2503 10.4035 14.1507 9.5034C13.0953 7.95309 12.1385 6.52417 10.8859 5.50866C9.59737 6.18166 8.34966 7.71995 8.40616 9.25943C8.45304 10.5165 8.95909 14.7985 13.5821 19.4205ZM23.6551 26.9954C21.9242 26.9317 17.0187 26.2551 11.8812 21.1187C6.74495 15.9834 6.06821 11.0801 6.0033 9.34837C5.90713 6.70924 7.92895 4.14584 10.2645 3.14475C10.5457 3.02333 10.8537 2.9771 11.1582 3.0106C11.4628 3.0441 11.7533 3.15618 12.0014 3.33583C13.9343 4.74553 15.2674 6.8811 16.4129 8.55399C16.6512 8.90184 16.7604 9.32205 16.7215 9.74188C16.6827 10.1617 16.4982 10.5548 16.2001 10.853L14.5702 12.4838C14.9488 13.3191 15.7193 14.7588 16.9815 16.0207C18.2436 17.2826 19.6836 18.0529 20.5202 18.4315L22.149 16.8018C22.4484 16.5032 22.8432 16.319 23.2645 16.2815C23.6858 16.2439 24.1069 16.3553 24.4545 16.5963C26.1614 17.7789 28.1664 19.0924 29.628 20.9636C29.8223 21.2135 29.9459 21.5109 29.9859 21.8249C30.0258 22.1388 29.9807 22.4577 29.8552 22.7483C28.8491 25.0954 26.3032 27.0927 23.6551 26.9954Z\" fill=\"#00AEEF\"><\/path><\/svg>\t\t\t\t\t\t<\/span>\n\t\t\t\t\t\t\t\t\t\t<span class=\"elementor-icon-list-text\">Phone and WhatsApp<\/span>\n\t\t\t\t\t\t\t\t\t<\/li>\n\t\t\t\t\t\t<\/ul>\n\t\t\t\t\t\t<\/div>\n\t\t\t\t<\/div>\n\t\t\t\t<div class=\"elementor-element elementor-element-72030cb elementor-widget elementor-widget-text-editor\" data-id=\"72030cb\" data-element_type=\"widget\" data-e-type=\"widget\" data-widget_type=\"text-editor.default\">\n\t\t\t\t<div class=\"elementor-widget-container\">\n\t\t\t\t\t\t\t\t\t<p>(11) 5053-8666<\/p>\t\t\t\t\t\t\t\t<\/div>\n\t\t\t\t<\/div>\n\t\t\t\t<\/div>\n\t\t<div class=\"elementor-element elementor-element-542dffd e-con-full e-flex wpr-particle-no wpr-jarallax-no wpr-parallax-no wpr-sticky-section-no e-con e-child\" data-id=\"542dffd\" data-element_type=\"container\" data-e-type=\"container\" data-settings=\"{&quot;background_background&quot;:&quot;classic&quot;}\">\n\t\t\t\t<div class=\"elementor-element elementor-element-928002b elementor-icon-list--layout-traditional elementor-list-item-link-full_width elementor-widget elementor-widget-icon-list\" data-id=\"928002b\" data-element_type=\"widget\" data-e-type=\"widget\" data-widget_type=\"icon-list.default\">\n\t\t\t\t<div class=\"elementor-widget-container\">\n\t\t\t\t\t\t\t<ul class=\"elementor-icon-list-items\">\n\t\t\t\t\t\t\t<li class=\"elementor-icon-list-item\">\n\t\t\t\t\t\t\t\t\t\t\t<span class=\"elementor-icon-list-icon\">\n\t\t\t\t\t\t\t<svg xmlns=\"http:\/\/www.w3.org\/2000\/svg\" width=\"37\" height=\"37\" viewbox=\"0 0 37 37\" fill=\"none\"><path d=\"M18.5007 3.08301C9.99065 3.08301 3.08398 9.98967 3.08398 18.4997C3.08398 27.0097 9.99065 33.9163 18.5007 33.9163H26.209V30.833H18.5007C11.8098 30.833 6.16732 25.1905 6.16732 18.4997C6.16732 11.8088 11.8098 6.16634 18.5007 6.16634C25.1915 6.16634 30.834 11.8088 30.834 18.4997V20.7043C30.834 21.9222 29.7394 23.1247 28.5215 23.1247C27.3036 23.1247 26.209 21.9222 26.209 20.7043V18.4997C26.209 14.2447 22.7556 10.7913 18.5007 10.7913C14.2457 10.7913 10.7923 14.2447 10.7923 18.4997C10.7923 22.7547 14.2457 26.208 18.5007 26.208C20.6282 26.208 22.5707 25.3447 23.9582 23.9418C24.9602 25.3138 26.6869 26.208 28.5215 26.208C31.5586 26.208 33.9173 23.7413 33.9173 20.7043V18.4997C33.9173 9.98967 27.0107 3.08301 18.5007 3.08301ZM18.5007 23.1247C15.9415 23.1247 13.8757 21.0588 13.8757 18.4997C13.8757 15.9405 15.9415 13.8747 18.5007 13.8747C21.0598 13.8747 23.1257 15.9405 23.1257 18.4997C23.1257 21.0588 21.0598 23.1247 18.5007 23.1247Z\" fill=\"#00AEEF\"><\/path><\/svg>\t\t\t\t\t\t<\/span>\n\t\t\t\t\t\t\t\t\t\t<span class=\"elementor-icon-list-text\">Email<\/span>\n\t\t\t\t\t\t\t\t\t<\/li>\n\t\t\t\t\t\t<\/ul>\n\t\t\t\t\t\t<\/div>\n\t\t\t\t<\/div>\n\t\t\t\t<div class=\"elementor-element elementor-element-4f0a7f9 elementor-widget elementor-widget-text-editor\" data-id=\"4f0a7f9\" data-element_type=\"widget\" data-e-type=\"widget\" data-widget_type=\"text-editor.default\">\n\t\t\t\t<div class=\"elementor-widget-container\">\n\t\t\t\t\t\t\t\t\t<p>contato@ibs-energy.com.br<\/p>\t\t\t\t\t\t\t\t<\/div>\n\t\t\t\t<\/div>\n\t\t\t\t<\/div>\n\t\t<div class=\"elementor-element elementor-element-33f3c01 e-con-full e-flex wpr-particle-no wpr-jarallax-no wpr-parallax-no wpr-sticky-section-no e-con e-child\" data-id=\"33f3c01\" data-element_type=\"container\" data-e-type=\"container\" data-settings=\"{&quot;background_background&quot;:&quot;classic&quot;}\">\n\t\t\t\t<div class=\"elementor-element elementor-element-03d69f8 elementor-icon-list--layout-traditional elementor-list-item-link-full_width elementor-widget elementor-widget-icon-list\" data-id=\"03d69f8\" data-element_type=\"widget\" data-e-type=\"widget\" data-widget_type=\"icon-list.default\">\n\t\t\t\t<div class=\"elementor-widget-container\">\n\t\t\t\t\t\t\t<ul class=\"elementor-icon-list-items\">\n\t\t\t\t\t\t\t<li class=\"elementor-icon-list-item\">\n\t\t\t\t\t\t\t\t\t\t\t<span class=\"elementor-icon-list-icon\">\n\t\t\t\t\t\t\t<svg xmlns=\"http:\/\/www.w3.org\/2000\/svg\" width=\"37\" height=\"37\" viewbox=\"0 0 37 37\" fill=\"none\"><path fill-rule=\"evenodd\" clip-rule=\"evenodd\" d=\"M3.625 6.16699C3.625 5.61471 4.07272 5.16699 4.625 5.16699H26.2083C26.7606 5.16699 27.2083 5.61471 27.2083 6.16699V11.3337H32.375C32.9273 11.3337 33.375 11.7814 33.375 12.3337V27.7503C33.375 28.8333 32.9448 29.8719 32.179 30.6377C31.4132 31.4035 30.3746 31.8337 29.2917 31.8337H7.70833C6.62537 31.8337 5.58675 31.4035 4.82098 30.6377C4.05521 29.8719 3.625 28.8333 3.625 27.7503V6.16699ZM25.7798 29.8337H7.70833C7.1558 29.8337 6.62589 29.6142 6.23519 29.2235C5.84449 28.8328 5.625 28.3029 5.625 27.7503V7.16699H25.2083V12.3317C25.2083 12.3323 25.2083 12.333 25.2083 12.3337C25.2083 12.3343 25.2083 12.335 25.2083 12.3356V27.7503C25.2083 28.4897 25.4089 29.2084 25.7798 29.8337ZM27.2083 13.3337V27.7503C27.2083 28.3029 27.4278 28.8328 27.8185 29.2235C28.2092 29.6142 28.7391 29.8337 29.2917 29.8337C29.8442 29.8337 30.3741 29.6142 30.7648 29.2235C31.1555 28.8328 31.375 28.3029 31.375 27.7503V13.3337H27.2083ZM9.79167 12.3337C9.79167 11.7814 10.2394 11.3337 10.7917 11.3337H20.0417C20.594 11.3337 21.0417 11.7814 21.0417 12.3337C21.0417 12.8859 20.594 13.3337 20.0417 13.3337H10.7917C10.2394 13.3337 9.79167 12.8859 9.79167 12.3337ZM12.875 18.5003C12.875 17.948 13.3227 17.5003 13.875 17.5003H20.0417C20.594 17.5003 21.0417 17.948 21.0417 18.5003C21.0417 19.0526 20.594 19.5003 20.0417 19.5003H13.875C13.3227 19.5003 12.875 19.0526 12.875 18.5003Z\" fill=\"#00AEEF\"><\/path><\/svg>\t\t\t\t\t\t<\/span>\n\t\t\t\t\t\t\t\t\t\t<span class=\"elementor-icon-list-text\">Press Office<\/span>\n\t\t\t\t\t\t\t\t\t<\/li>\n\t\t\t\t\t\t<\/ul>\n\t\t\t\t\t\t<\/div>\n\t\t\t\t<\/div>\n\t\t\t\t<div class=\"elementor-element elementor-element-b99f080 elementor-widget elementor-widget-text-editor\" data-id=\"b99f080\" data-element_type=\"widget\" data-e-type=\"widget\" data-widget_type=\"text-editor.default\">\n\t\t\t\t<div class=\"elementor-widget-container\">\n\t\t\t\t\t\t\t\t\t<p>ibsenergy@inpresspni.com.br<br \/>marketing@ibs-energy.com.br<\/p>\t\t\t\t\t\t\t\t<\/div>\n\t\t\t\t<\/div>\n\t\t\t\t<\/div>\n\t\t\t\t\t<\/div>\n\t\t\t\t<\/div>\n\t\t<div class=\"elementor-element elementor-element-117b1b79 e-flex e-con-boxed wpr-particle-no wpr-jarallax-no wpr-parallax-no wpr-sticky-section-no e-con e-parent\" data-id=\"117b1b79\" data-element_type=\"container\" data-e-type=\"container\" data-settings=\"{&quot;background_background&quot;:&quot;classic&quot;}\">\n\t\t\t\t\t<div class=\"e-con-inner\">\n\t\t\t\t\t<\/div>\n\t\t\t\t<\/div>\n\t\t\t\t<\/div>","protected":false},"excerpt":{"rendered":"<p>Contato Preencha todos os campos do formul\u00e1rio corretamente. Seu contato n\u00e3o foi enviado! Endere\u00e7o Av. Roque Petroni J\u00fanior, 850 &#8211; Torre Jaceru, 11\u00ba andar &#8211; Conj. 111 &#8211; Jd. das Ac\u00e1cias, S\u00e3o Paulo\/SP &#8211; 04707-000 Telefone e WhatsApp (11) 5053-8666 E-mail contato@ibs-energy.com.br Assessoria de Imprensa ibsenergy@inpresspni.com.brmarketing@ibs-energy.com.br<\/p>","protected":false},"author":6,"featured_media":0,"parent":0,"menu_order":0,"comment_status":"closed","ping_status":"closed","template":"elementor_header_footer","meta":{"_acf_changed":false,"footnotes":""},"class_list":["post-3007","page","type-page","status-publish","hentry"],"acf":[],"yoast_head":"<!-- This site is optimized with the Yoast SEO plugin v27.4 - https:\/\/yoast.com\/product\/yoast-seo-wordpress\/ -->\n<title>Contato N\u00e3o Enviado - Grupo IBS Energy<\/title>\n<meta name=\"robots\" content=\"index, follow, max-snippet:-1, max-image-preview:large, max-video-preview:-1\" \/>\n<link rel=\"canonical\" href=\"https:\/\/ibs-energy.com.br\/en\/contato-nao-enviado\/\" \/>\n<meta property=\"og:locale\" content=\"en_US\" \/>\n<meta property=\"og:type\" content=\"article\" \/>\n<meta property=\"og:title\" content=\"Contato N\u00e3o Enviado - Grupo IBS Energy\" \/>\n<meta property=\"og:description\" content=\"Contato Preencha todos os campos do formul\u00e1rio corretamente. Seu contato n\u00e3o foi enviado! Endere\u00e7o Av. Roque Petroni J\u00fanior, 850 &#8211; Torre Jaceru, 11\u00ba andar &#8211; Conj. 111 &#8211; Jd. das Ac\u00e1cias, S\u00e3o Paulo\/SP &#8211; 04707-000 Telefone e WhatsApp (11) 5053-8666 E-mail contato@ibs-energy.com.br Assessoria de Imprensa ibsenergy@inpresspni.com.brmarketing@ibs-energy.com.br\" \/>\n<meta property=\"og:url\" content=\"https:\/\/ibs-energy.com.br\/en\/contato-nao-enviado\/\" \/>\n<meta property=\"og:site_name\" content=\"Grupo IBS Energy\" \/>\n<meta property=\"article:modified_time\" content=\"2025-11-27T13:07:58+00:00\" \/>\n<meta name=\"twitter:card\" content=\"summary_large_image\" \/>\n<meta name=\"twitter:label1\" content=\"Est. reading time\" \/>\n\t<meta name=\"twitter:data1\" content=\"1 minute\" \/>\n<script type=\"application\/ld+json\" class=\"yoast-schema-graph\">{\"@context\":\"https:\\\/\\\/schema.org\",\"@graph\":[{\"@type\":\"WebPage\",\"@id\":\"https:\\\/\\\/ibs-energy.com.br\\\/contato-nao-enviado\\\/\",\"url\":\"https:\\\/\\\/ibs-energy.com.br\\\/contato-nao-enviado\\\/\",\"name\":\"Contato N\u00e3o Enviado - Grupo IBS Energy\",\"isPartOf\":{\"@id\":\"https:\\\/\\\/ibs-energy.com.br\\\/#website\"},\"datePublished\":\"2025-11-27T13:05:22+00:00\",\"dateModified\":\"2025-11-27T13:07:58+00:00\",\"breadcrumb\":{\"@id\":\"https:\\\/\\\/ibs-energy.com.br\\\/contato-nao-enviado\\\/#breadcrumb\"},\"inLanguage\":\"en-US\",\"potentialAction\":[{\"@type\":\"ReadAction\",\"target\":[\"https:\\\/\\\/ibs-energy.com.br\\\/contato-nao-enviado\\\/\"]}]},{\"@type\":\"BreadcrumbList\",\"@id\":\"https:\\\/\\\/ibs-energy.com.br\\\/contato-nao-enviado\\\/#breadcrumb\",\"itemListElement\":[{\"@type\":\"ListItem\",\"position\":1,\"name\":\"Home\",\"item\":\"https:\\\/\\\/ibs-energy.com.br\\\/\"},{\"@type\":\"ListItem\",\"position\":2,\"name\":\"Contato N\u00e3o Enviado\"}]},{\"@type\":\"WebSite\",\"@id\":\"https:\\\/\\\/ibs-energy.com.br\\\/#website\",\"url\":\"https:\\\/\\\/ibs-energy.com.br\\\/\",\"name\":\"Grupo IBS Energy\",\"description\":\"\",\"publisher\":{\"@id\":\"https:\\\/\\\/ibs-energy.com.br\\\/#organization\"},\"potentialAction\":[{\"@type\":\"SearchAction\",\"target\":{\"@type\":\"EntryPoint\",\"urlTemplate\":\"https:\\\/\\\/ibs-energy.com.br\\\/?s={search_term_string}\"},\"query-input\":{\"@type\":\"PropertyValueSpecification\",\"valueRequired\":true,\"valueName\":\"search_term_string\"}}],\"inLanguage\":\"en-US\"},{\"@type\":\"Organization\",\"@id\":\"https:\\\/\\\/ibs-energy.com.br\\\/#organization\",\"name\":\"Grupo IBS Energy\",\"url\":\"https:\\\/\\\/ibs-energy.com.br\\\/\",\"logo\":{\"@type\":\"ImageObject\",\"inLanguage\":\"en-US\",\"@id\":\"https:\\\/\\\/ibs-energy.com.br\\\/#\\\/schema\\\/logo\\\/image\\\/\",\"url\":\"https:\\\/\\\/ibs-energy.com.br\\\/wp-content\\\/uploads\\\/2024\\\/11\\\/logo-ibs.svg\",\"contentUrl\":\"https:\\\/\\\/ibs-energy.com.br\\\/wp-content\\\/uploads\\\/2024\\\/11\\\/logo-ibs.svg\",\"width\":95,\"height\":46,\"caption\":\"Grupo IBS Energy\"},\"image\":{\"@id\":\"https:\\\/\\\/ibs-energy.com.br\\\/#\\\/schema\\\/logo\\\/image\\\/\"}}]}<\/script>\n<!-- \/ Yoast SEO plugin. -->","yoast_head_json":{"title":"Contato N\u00e3o Enviado - Grupo IBS Energy","robots":{"index":"index","follow":"follow","max-snippet":"max-snippet:-1","max-image-preview":"max-image-preview:large","max-video-preview":"max-video-preview:-1"},"canonical":"https:\/\/ibs-energy.com.br\/en\/contato-nao-enviado\/","og_locale":"en_US","og_type":"article","og_title":"Contato N\u00e3o Enviado - Grupo IBS Energy","og_description":"Contato Preencha todos os campos do formul\u00e1rio corretamente. Seu contato n\u00e3o foi enviado! Endere\u00e7o Av. Roque Petroni J\u00fanior, 850 &#8211; Torre Jaceru, 11\u00ba andar &#8211; Conj. 111 &#8211; Jd. das Ac\u00e1cias, S\u00e3o Paulo\/SP &#8211; 04707-000 Telefone e WhatsApp (11) 5053-8666 E-mail contato@ibs-energy.com.br Assessoria de Imprensa ibsenergy@inpresspni.com.brmarketing@ibs-energy.com.br","og_url":"https:\/\/ibs-energy.com.br\/en\/contato-nao-enviado\/","og_site_name":"Grupo IBS Energy","article_modified_time":"2025-11-27T13:07:58+00:00","twitter_card":"summary_large_image","twitter_misc":{"Est. reading time":"1 minute"},"schema":{"@context":"https:\/\/schema.org","@graph":[{"@type":"WebPage","@id":"https:\/\/ibs-energy.com.br\/contato-nao-enviado\/","url":"https:\/\/ibs-energy.com.br\/contato-nao-enviado\/","name":"Contato N\u00e3o Enviado - Grupo IBS Energy","isPartOf":{"@id":"https:\/\/ibs-energy.com.br\/#website"},"datePublished":"2025-11-27T13:05:22+00:00","dateModified":"2025-11-27T13:07:58+00:00","breadcrumb":{"@id":"https:\/\/ibs-energy.com.br\/contato-nao-enviado\/#breadcrumb"},"inLanguage":"en-US","potentialAction":[{"@type":"ReadAction","target":["https:\/\/ibs-energy.com.br\/contato-nao-enviado\/"]}]},{"@type":"BreadcrumbList","@id":"https:\/\/ibs-energy.com.br\/contato-nao-enviado\/#breadcrumb","itemListElement":[{"@type":"ListItem","position":1,"name":"Home","item":"https:\/\/ibs-energy.com.br\/"},{"@type":"ListItem","position":2,"name":"Contato N\u00e3o Enviado"}]},{"@type":"WebSite","@id":"https:\/\/ibs-energy.com.br\/#website","url":"https:\/\/ibs-energy.com.br\/","name":"IBS Energy Group","description":"","publisher":{"@id":"https:\/\/ibs-energy.com.br\/#organization"},"potentialAction":[{"@type":"SearchAction","target":{"@type":"EntryPoint","urlTemplate":"https:\/\/ibs-energy.com.br\/?s={search_term_string}"},"query-input":{"@type":"PropertyValueSpecification","valueRequired":true,"valueName":"search_term_string"}}],"inLanguage":"en-US"},{"@type":"Organization","@id":"https:\/\/ibs-energy.com.br\/#organization","name":"IBS Energy Group","url":"https:\/\/ibs-energy.com.br\/","logo":{"@type":"ImageObject","inLanguage":"en-US","@id":"https:\/\/ibs-energy.com.br\/#\/schema\/logo\/image\/","url":"https:\/\/ibs-energy.com.br\/wp-content\/uploads\/2024\/11\/logo-ibs.svg","contentUrl":"https:\/\/ibs-energy.com.br\/wp-content\/uploads\/2024\/11\/logo-ibs.svg","width":95,"height":46,"caption":"Grupo IBS Energy"},"image":{"@id":"https:\/\/ibs-energy.com.br\/#\/schema\/logo\/image\/"}}]}},"_links":{"self":[{"href":"https:\/\/ibs-energy.com.br\/en\/wp-json\/wp\/v2\/pages\/3007","targetHints":{"allow":["GET"]}}],"collection":[{"href":"https:\/\/ibs-energy.com.br\/en\/wp-json\/wp\/v2\/pages"}],"about":[{"href":"https:\/\/ibs-energy.com.br\/en\/wp-json\/wp\/v2\/types\/page"}],"author":[{"embeddable":true,"href":"https:\/\/ibs-energy.com.br\/en\/wp-json\/wp\/v2\/users\/6"}],"replies":[{"embeddable":true,"href":"https:\/\/ibs-energy.com.br\/en\/wp-json\/wp\/v2\/comments?post=3007"}],"version-history":[{"count":7,"href":"https:\/\/ibs-energy.com.br\/en\/wp-json\/wp\/v2\/pages\/3007\/revisions"}],"predecessor-version":[{"id":3015,"href":"https:\/\/ibs-energy.com.br\/en\/wp-json\/wp\/v2\/pages\/3007\/revisions\/3015"}],"wp:attachment":[{"href":"https:\/\/ibs-energy.com.br\/en\/wp-json\/wp\/v2\/media?parent=3007"}],"curies":[{"name":"wp","href":"https:\/\/api.w.org\/{rel}","templated":true}]}}