{"id":2846,"date":"2025-11-25T17:05:40","date_gmt":"2025-11-25T20:05:40","guid":{"rendered":"https:\/\/ibs-energy.com.br\/?page_id=2846"},"modified":"2025-11-26T12:25:44","modified_gmt":"2025-11-26T15:25:44","slug":"curriculo-enviado-com-sucesso","status":"publish","type":"page","link":"https:\/\/ibs-energy.com.br\/en\/curriculo-enviado-com-sucesso\/","title":{"rendered":"Curriculo Enviado com Sucesso"},"content":{"rendered":"\t\t<div data-elementor-type=\"wp-page\" data-elementor-id=\"2846\" class=\"elementor elementor-2846\" data-elementor-post-type=\"page\">\n\t\t\t\t<div class=\"elementor-element elementor-element-acf585d e-con-full e-flex wpr-particle-no wpr-jarallax-no wpr-parallax-no wpr-sticky-section-no e-con e-parent\" data-id=\"acf585d\" data-element_type=\"container\" data-e-type=\"container\" data-settings=\"{&quot;background_background&quot;:&quot;classic&quot;}\">\n\t\t<div class=\"elementor-element elementor-element-53913c1 e-con-full e-flex wpr-particle-no wpr-jarallax-no wpr-parallax-no wpr-sticky-section-no e-con e-child\" data-id=\"53913c1\" data-element_type=\"container\" data-e-type=\"container\">\n\t\t<div class=\"elementor-element elementor-element-d5acc38 e-con-full e-flex wpr-particle-no wpr-jarallax-no wpr-parallax-no wpr-sticky-section-no e-con e-child\" data-id=\"d5acc38\" data-element_type=\"container\" data-e-type=\"container\" data-settings=\"{&quot;background_background&quot;:&quot;classic&quot;}\">\n\t\t\t\t<div class=\"elementor-element elementor-element-0e2c1d3 elementor-widget elementor-widget-heading\" data-id=\"0e2c1d3\" data-element_type=\"widget\" data-e-type=\"widget\" data-widget_type=\"heading.default\">\n\t\t\t\t<div class=\"elementor-widget-container\">\n\t\t\t\t\t<h1 class=\"elementor-heading-title elementor-size-default\">Trabalhe Conosco<\/h1>\t\t\t\t<\/div>\n\t\t\t\t<\/div>\n\t\t\t\t<div class=\"elementor-element elementor-element-a8244ce elementor-widget elementor-widget-text-editor\" data-id=\"a8244ce\" data-element_type=\"widget\" data-e-type=\"widget\" data-widget_type=\"text-editor.default\">\n\t\t\t\t<div class=\"elementor-widget-container\">\n\t\t\t\t\t\t\t\t\t<p><b>Procurando vagas no setor de energia? <br><\/b>Fa\u00e7a parte do Grupo IBS Energy!<\/p>\t\t\t\t\t\t\t\t<\/div>\n\t\t\t\t<\/div>\n\t\t\t\t<\/div>\n\t\t<div class=\"elementor-element elementor-element-e262311 e-con-full e-flex wpr-particle-no wpr-jarallax-no wpr-parallax-no wpr-sticky-section-no e-con e-child\" data-id=\"e262311\" data-element_type=\"container\" data-e-type=\"container\" data-settings=\"{&quot;background_background&quot;:&quot;classic&quot;}\">\n\t\t<div class=\"elementor-element elementor-element-d7b7c03 e-con-full e-flex wpr-particle-no wpr-jarallax-no wpr-parallax-no wpr-sticky-section-no e-con e-child\" data-id=\"d7b7c03\" data-element_type=\"container\" data-e-type=\"container\" data-settings=\"{&quot;background_background&quot;:&quot;classic&quot;}\">\n\t\t\t\t<div class=\"elementor-element elementor-element-d485702 elementor-widget elementor-widget-posts\" data-id=\"d485702\" data-element_type=\"widget\" data-e-type=\"widget\" data-settings=\"{&quot;full_content_row_gap&quot;:{&quot;unit&quot;:&quot;px&quot;,&quot;size&quot;:35,&quot;sizes&quot;:[]}}\" data-widget_type=\"posts.full_content\">\n\t\t\t\t<div class=\"elementor-widget-container\">\n\t\t\t\t\t\t\t<div class=\"elementor-posts-container elementor-posts elementor-posts--skin-full_content elementor-grid\" role=\"list\">\n\t\t\t\t<article class=\"elementor-post elementor-grid-item post-191 page type-page status-publish hentry\" role=\"listitem\">\n\t\t\t\t<div class=\"elementor-post__text\">\n\t\t\t\t<h2 class=\"elementor-post__title\">\n\t\t\t<a href=\"https:\/\/ibs-energy.com.br\/en\/termos-de-uso\/\" >\n\t\t\t\tTermos de uso\t\t\t<\/a>\n\t\t<\/h2>\n\t\t\n<p>O presente Termo de Uso regula a utiliza\u00e7\u00e3o do website do Grupo IBS Energy, em conformidade com a Lei n.\u00ba 12.965\/2014 (Marco Civil da Internet), a Lei Geral de Prote\u00e7\u00e3o de Dados Pessoais (Lei n.\u00ba 13.709\/2018 &#8211; LGPD) e demais legisla\u00e7\u00f5es aplic\u00e1veis. Este website disponibiliza conte\u00fado informativo e comercial, al\u00e9m de funcionalidades espec\u00edficas para clientes e interessados em nossos servi\u00e7os, incluindo o envio de curr\u00edculos.<\/p>\n\n\n\n<p><br><strong>Cadastro de Curr\u00edculo<br><\/strong>Para enviar seu curr\u00edculo, o usu\u00e1rio dever\u00e1 enviar seus dados juntamente anexando seu curr\u00edculo no formato PDF. \u00c9 de total responsabilidade do usu\u00e1rio fornecer apenas informa\u00e7\u00f5es corretas, aut\u00eanticas, v\u00e1lidas, completas e atualizadas. O Grupo IBS Energy n\u00e3o consente com a publica\u00e7\u00e3o de conte\u00fados que tenham natureza discriminat\u00f3ria, ofensiva ou il\u00edcita, ou ainda infrinjam direitos de autor ou quaisquer outros direitos de terceiros.<\/p>\n\n\n\n<p><br><strong>Validade do armazenamento<br><\/strong>Ao utilizar a se\u00e7\u00e3o de envio de curr\u00edculos no website, o Usu\u00e1rio concorda, atrav\u00e9s do termo de aceita\u00e7\u00e3o presente no formul\u00e1rio de envio, com o armazenamento e o tratamento dos dados contidos no curr\u00edculo para fins de an\u00e1lise e poss\u00edvel inclus\u00e3o em processos seletivos, sendo permitido o envio do documento no formato PDF. O Usu\u00e1rio poder\u00e1, a qualquer momento, solicitar a exclus\u00e3o antecipada de seus dados pessoais por meio do contato informado no preenchimento do formul\u00e1rio mencionado.<\/p>\n\n\n\n<p><br>O curr\u00edculo permanecer\u00e1 armazenado por um per\u00edodo de 180 dias, ap\u00f3s o qual ser\u00e1 automaticamente exclu\u00eddo de nosso banco de dados. O Usu\u00e1rio \u00e9 respons\u00e1vel por fornecer informa\u00e7\u00f5es corretas e atualizadas em seu curr\u00edculo. O Grupo IBS Energy n\u00e3o se responsabiliza por informa\u00e7\u00f5es inver\u00eddicas fornecidas e se reserva o direito de excluir curr\u00edculos com informa\u00e7\u00f5es incorretas ou que estejam em desacordo com a legisla\u00e7\u00e3o vigente.<\/p>\n\n\n\n<p><br><strong>Contato<\/strong><br>Para mais informa\u00e7\u00f5es ou em caso de d\u00favidas sobre este Termo de Uso ou o tratamento de dados, o Usu\u00e1rio poder\u00e1 entrar em contato pelo e-mail contato@ibs-energy.com.br.<\/p>\n\n\n\n<p><br><strong>Lei aplic\u00e1vel e foro<br><\/strong>Todos os conte\u00fados e informa\u00e7\u00f5es publicados s\u00e3o protegidos pelas leis que regulamentam direitos autorais, marcas e outros sinais distintivos, n\u00e3o sendo permitida a reprodu\u00e7\u00e3o total ou parcial dos conte\u00fados ou informa\u00e7\u00f5es divulgadas no website sem pr\u00e9via autoriza\u00e7\u00e3o. O Grupo IBS Energy n\u00e3o consente com a publica\u00e7\u00e3o de conte\u00fados que tenham natureza discriminat\u00f3ria, ofensiva ou il\u00edcita, ou que infrinjam direitos de autor ou quaisquer outros direitos de terceiros.<\/p>\n\n\n\n<p><br>Na interpreta\u00e7\u00e3o deste Termo de Uso, aplica-se a legisla\u00e7\u00e3o brasileira. Quaisquer lit\u00edgios relacionados ser\u00e3o da compet\u00eancia exclusiva do Foro Central de S\u00e3o Paulo\/SP.<\/p>\n\n\n\n<p>Copyright \u00a9 2025 Grupo IBS Energy.<\/p>\n\t\t<\/div>\n\t\t\t\t<\/article>\n\t\t\t\t<\/div>\n\t\t\n\t\t\t\t\t\t<\/div>\n\t\t\t\t<\/div>\n\t\t\t\t<\/div>\n\t\t\t\t<\/div>\n\t\t\t\t<\/div>\n\t\t<div class=\"elementor-element elementor-element-50a8e40 e-flex e-con-boxed wpr-particle-no wpr-jarallax-no wpr-parallax-no wpr-sticky-section-no e-con e-child\" data-id=\"50a8e40\" data-element_type=\"container\" data-e-type=\"container\">\n\t\t\t\t\t<div class=\"e-con-inner\">\n\t\t\t\t<div class=\"elementor-element elementor-element-4889b09 elementor-widget-divider--view-line elementor-widget elementor-widget-divider\" data-id=\"4889b09\" data-element_type=\"widget\" data-e-type=\"widget\" data-widget_type=\"divider.default\">\n\t\t\t\t<div class=\"elementor-widget-container\">\n\t\t\t\t\t\t\t<div class=\"elementor-divider\">\n\t\t\t<span class=\"elementor-divider-separator\">\n\t\t\t\t\t\t<\/span>\n\t\t<\/div>\n\t\t\t\t\t\t<\/div>\n\t\t\t\t<\/div>\n\t\t<div class=\"elementor-element elementor-element-fcc01e2 e-con-full e-flex wpr-particle-no wpr-jarallax-no wpr-parallax-no wpr-sticky-section-no e-con e-child\" data-id=\"fcc01e2\" data-element_type=\"container\" data-e-type=\"container\" data-settings=\"{&quot;background_background&quot;:&quot;classic&quot;}\">\n\t\t\t\t<div class=\"elementor-element elementor-element-9e608c7 elementor-widget elementor-widget-html\" data-id=\"9e608c7\" data-element_type=\"widget\" data-e-type=\"widget\" data-widget_type=\"html.default\">\n\t\t\t\t<div class=\"elementor-widget-container\">\n\t\t\t\t\t\r\n  <style>\r\n\r\n\r\n    .formulario h2 {\r\n      font-size: 25px;\r\n      font-weight: 400;\r\n      color: #000;\r\n    }\r\n\r\n    .formulario h2 strong {\r\n      color: #001c54;\r\n    }\r\n\r\n    .formulario label {\r\n      display: block;\r\n      font-size: 13px;\r\n      margin-top: 20px;\r\n      margin-bottom: 5px;\r\n      color: #000;\r\n    }\r\n\r\n    .formulario input[type=\"text\"],\r\n    .formulario input[type=\"email\"],\r\n    .formulario input[type=\"tel\"],\r\n   .formulario  select {\r\n      width: 100%;\r\n      padding: 12px 10px;\r\n      border: 1px solid #222;\r\n      border-radius: 2px;\r\n      font-size: 14px;\r\n      box-sizing: border-box;\r\n    }\r\n\r\n    .formulario input[type=\"file\"] {\r\n      margin-top: 8px;\r\n    }\r\n\r\n    .formulario .file-note {\r\n      font-size: 13px;\r\n      font-weight: bold;\r\n      margin-top: 20px;\r\n    }\r\n\r\n    .formulario .checkbox-container {\r\n      display: flex;\r\n      align-items: start;\r\n      margin-top: 20px;\r\n    }\r\n\r\n    .formulario .checkbox-container input {\r\n      margin-right: 10px;\r\n      margin-top: 4px;\r\n    }\r\n\r\n    .formulario .checkbox-container label {\r\n      font-size: 12px;\r\n      color: #000;\r\n    }\r\n\r\n    .formulario .checkbox-container a {\r\n      color: #1a4f9c;\r\n      text-decoration: none;\r\n    }\r\n\r\n    .formulario .success-box {\r\n      background-color: #ffffff;\r\n      border: 1px solid #ccc;\r\n      margin-top: 20px;\r\n      display: flex;\r\n      align-items: center;\r\n      padding: 10px;\r\n      justify-content: space-between;\r\n    }\r\n\r\n    .formulario .success-box span {\r\n      display: flex;\r\n      align-items: center;\r\n      font-size: 14px;\r\n    }\r\n\r\n    .formulario .success-box span::before {\r\n      content: \"\u2714\ufe0f\";\r\n      margin-right: 8px;\r\n      color: green;\r\n      font-size: 16px;\r\n    }\r\n\r\n    .formulario .cloudflare {\r\n      font-size: 10px;\r\n      color: #000;\r\n      text-align: right;\r\n    }\r\n\r\n    .formulario button {\r\n      background-color: #001c54;\r\n      color: #fff;\r\n      border: none;\r\n      padding: 12px 32px;\r\n      font-size: 14px;\r\n      cursor: pointer;\r\n      margin-top: 20px;\r\n    }\r\n\r\n    .formulario button:hover {\r\n      background-color: #003080;\r\n    }\r\n  <\/style>\r\n\r\n  <div class=\"formulario container\">\r\n    <h2>Curr\u00edculo enviado com <strong>Sucesso!<\/strong><\/h2>\r\n\r\n  <\/div>\r\n\r\n\r\n\t\t\t\t<\/div>\n\t\t\t\t<\/div>\n\t\t\t\t<\/div>\n\t\t\t\t\t<\/div>\n\t\t\t\t<\/div>\n\t\t<div class=\"elementor-element elementor-element-015c3f3 e-con-full e-flex wpr-particle-no wpr-jarallax-no wpr-parallax-no wpr-sticky-section-no e-con e-child\" data-id=\"015c3f3\" data-element_type=\"container\" data-e-type=\"container\">\n\t\t\t\t<\/div>\n\t\t\t\t<\/div>\n\t\t\t\t<\/div>\n\t\t","protected":false},"excerpt":{"rendered":"<p>Trabalhe Conosco Procurando vagas no setor de energia? Fa\u00e7a parte do Grupo IBS Energy! Curr\u00edculo enviado com Sucesso!<\/p>","protected":false},"author":6,"featured_media":0,"parent":0,"menu_order":0,"comment_status":"closed","ping_status":"closed","template":"envietrabalhe.php","meta":{"_acf_changed":false,"footnotes":""},"class_list":["post-2846","page","type-page","status-publish","hentry"],"acf":[],"yoast_head":"<!-- This site is optimized with the Yoast SEO plugin v27.4 - https:\/\/yoast.com\/product\/yoast-seo-wordpress\/ -->\n<title>Curriculo Enviado com Sucesso - Grupo IBS Energy<\/title>\n<meta name=\"robots\" content=\"index, follow, max-snippet:-1, max-image-preview:large, max-video-preview:-1\" \/>\n<link rel=\"canonical\" href=\"https:\/\/ibs-energy.com.br\/en\/curriculo-enviado-com-sucesso\/\" \/>\n<meta property=\"og:locale\" content=\"en_US\" \/>\n<meta property=\"og:type\" content=\"article\" \/>\n<meta property=\"og:title\" content=\"Curriculo Enviado com Sucesso - Grupo IBS Energy\" \/>\n<meta property=\"og:description\" content=\"Trabalhe Conosco Procurando vagas no setor de energia? Fa\u00e7a parte do Grupo IBS Energy! Curr\u00edculo enviado com Sucesso!\" \/>\n<meta property=\"og:url\" content=\"https:\/\/ibs-energy.com.br\/en\/curriculo-enviado-com-sucesso\/\" \/>\n<meta property=\"og:site_name\" content=\"Grupo IBS Energy\" \/>\n<meta property=\"article:modified_time\" content=\"2025-11-26T15:25:44+00:00\" \/>\n<meta name=\"twitter:card\" content=\"summary_large_image\" \/>\n<meta name=\"twitter:label1\" content=\"Est. reading time\" \/>\n\t<meta name=\"twitter:data1\" content=\"3 minutes\" \/>\n<script type=\"application\/ld+json\" class=\"yoast-schema-graph\">{\"@context\":\"https:\\\/\\\/schema.org\",\"@graph\":[{\"@type\":\"WebPage\",\"@id\":\"https:\\\/\\\/ibs-energy.com.br\\\/curriculo-enviado-com-sucesso\\\/\",\"url\":\"https:\\\/\\\/ibs-energy.com.br\\\/curriculo-enviado-com-sucesso\\\/\",\"name\":\"Curriculo Enviado com Sucesso - Grupo IBS Energy\",\"isPartOf\":{\"@id\":\"https:\\\/\\\/ibs-energy.com.br\\\/#website\"},\"datePublished\":\"2025-11-25T20:05:40+00:00\",\"dateModified\":\"2025-11-26T15:25:44+00:00\",\"breadcrumb\":{\"@id\":\"https:\\\/\\\/ibs-energy.com.br\\\/curriculo-enviado-com-sucesso\\\/#breadcrumb\"},\"inLanguage\":\"en-US\",\"potentialAction\":[{\"@type\":\"ReadAction\",\"target\":[\"https:\\\/\\\/ibs-energy.com.br\\\/curriculo-enviado-com-sucesso\\\/\"]}]},{\"@type\":\"BreadcrumbList\",\"@id\":\"https:\\\/\\\/ibs-energy.com.br\\\/curriculo-enviado-com-sucesso\\\/#breadcrumb\",\"itemListElement\":[{\"@type\":\"ListItem\",\"position\":1,\"name\":\"Home\",\"item\":\"https:\\\/\\\/ibs-energy.com.br\\\/\"},{\"@type\":\"ListItem\",\"position\":2,\"name\":\"Curriculo Enviado com Sucesso\"}]},{\"@type\":\"WebSite\",\"@id\":\"https:\\\/\\\/ibs-energy.com.br\\\/#website\",\"url\":\"https:\\\/\\\/ibs-energy.com.br\\\/\",\"name\":\"Grupo IBS Energy\",\"description\":\"\",\"publisher\":{\"@id\":\"https:\\\/\\\/ibs-energy.com.br\\\/#organization\"},\"potentialAction\":[{\"@type\":\"SearchAction\",\"target\":{\"@type\":\"EntryPoint\",\"urlTemplate\":\"https:\\\/\\\/ibs-energy.com.br\\\/?s={search_term_string}\"},\"query-input\":{\"@type\":\"PropertyValueSpecification\",\"valueRequired\":true,\"valueName\":\"search_term_string\"}}],\"inLanguage\":\"en-US\"},{\"@type\":\"Organization\",\"@id\":\"https:\\\/\\\/ibs-energy.com.br\\\/#organization\",\"name\":\"Grupo IBS Energy\",\"url\":\"https:\\\/\\\/ibs-energy.com.br\\\/\",\"logo\":{\"@type\":\"ImageObject\",\"inLanguage\":\"en-US\",\"@id\":\"https:\\\/\\\/ibs-energy.com.br\\\/#\\\/schema\\\/logo\\\/image\\\/\",\"url\":\"https:\\\/\\\/ibs-energy.com.br\\\/wp-content\\\/uploads\\\/2024\\\/11\\\/logo-ibs.svg\",\"contentUrl\":\"https:\\\/\\\/ibs-energy.com.br\\\/wp-content\\\/uploads\\\/2024\\\/11\\\/logo-ibs.svg\",\"width\":95,\"height\":46,\"caption\":\"Grupo IBS Energy\"},\"image\":{\"@id\":\"https:\\\/\\\/ibs-energy.com.br\\\/#\\\/schema\\\/logo\\\/image\\\/\"}}]}<\/script>\n<!-- \/ Yoast SEO plugin. -->","yoast_head_json":{"title":"Curriculo Enviado com Sucesso - Grupo IBS Energy","robots":{"index":"index","follow":"follow","max-snippet":"max-snippet:-1","max-image-preview":"max-image-preview:large","max-video-preview":"max-video-preview:-1"},"canonical":"https:\/\/ibs-energy.com.br\/en\/curriculo-enviado-com-sucesso\/","og_locale":"en_US","og_type":"article","og_title":"Curriculo Enviado com Sucesso - Grupo IBS Energy","og_description":"Trabalhe Conosco Procurando vagas no setor de energia? Fa\u00e7a parte do Grupo IBS Energy! Curr\u00edculo enviado com Sucesso!","og_url":"https:\/\/ibs-energy.com.br\/en\/curriculo-enviado-com-sucesso\/","og_site_name":"Grupo IBS Energy","article_modified_time":"2025-11-26T15:25:44+00:00","twitter_card":"summary_large_image","twitter_misc":{"Est. reading time":"3 minutes"},"schema":{"@context":"https:\/\/schema.org","@graph":[{"@type":"WebPage","@id":"https:\/\/ibs-energy.com.br\/curriculo-enviado-com-sucesso\/","url":"https:\/\/ibs-energy.com.br\/curriculo-enviado-com-sucesso\/","name":"Curriculo Enviado com Sucesso - Grupo IBS Energy","isPartOf":{"@id":"https:\/\/ibs-energy.com.br\/#website"},"datePublished":"2025-11-25T20:05:40+00:00","dateModified":"2025-11-26T15:25:44+00:00","breadcrumb":{"@id":"https:\/\/ibs-energy.com.br\/curriculo-enviado-com-sucesso\/#breadcrumb"},"inLanguage":"en-US","potentialAction":[{"@type":"ReadAction","target":["https:\/\/ibs-energy.com.br\/curriculo-enviado-com-sucesso\/"]}]},{"@type":"BreadcrumbList","@id":"https:\/\/ibs-energy.com.br\/curriculo-enviado-com-sucesso\/#breadcrumb","itemListElement":[{"@type":"ListItem","position":1,"name":"Home","item":"https:\/\/ibs-energy.com.br\/"},{"@type":"ListItem","position":2,"name":"Curriculo Enviado com Sucesso"}]},{"@type":"WebSite","@id":"https:\/\/ibs-energy.com.br\/#website","url":"https:\/\/ibs-energy.com.br\/","name":"IBS Energy Group","description":"","publisher":{"@id":"https:\/\/ibs-energy.com.br\/#organization"},"potentialAction":[{"@type":"SearchAction","target":{"@type":"EntryPoint","urlTemplate":"https:\/\/ibs-energy.com.br\/?s={search_term_string}"},"query-input":{"@type":"PropertyValueSpecification","valueRequired":true,"valueName":"search_term_string"}}],"inLanguage":"en-US"},{"@type":"Organization","@id":"https:\/\/ibs-energy.com.br\/#organization","name":"IBS Energy Group","url":"https:\/\/ibs-energy.com.br\/","logo":{"@type":"ImageObject","inLanguage":"en-US","@id":"https:\/\/ibs-energy.com.br\/#\/schema\/logo\/image\/","url":"https:\/\/ibs-energy.com.br\/wp-content\/uploads\/2024\/11\/logo-ibs.svg","contentUrl":"https:\/\/ibs-energy.com.br\/wp-content\/uploads\/2024\/11\/logo-ibs.svg","width":95,"height":46,"caption":"Grupo IBS Energy"},"image":{"@id":"https:\/\/ibs-energy.com.br\/#\/schema\/logo\/image\/"}}]}},"_links":{"self":[{"href":"https:\/\/ibs-energy.com.br\/en\/wp-json\/wp\/v2\/pages\/2846","targetHints":{"allow":["GET"]}}],"collection":[{"href":"https:\/\/ibs-energy.com.br\/en\/wp-json\/wp\/v2\/pages"}],"about":[{"href":"https:\/\/ibs-energy.com.br\/en\/wp-json\/wp\/v2\/types\/page"}],"author":[{"embeddable":true,"href":"https:\/\/ibs-energy.com.br\/en\/wp-json\/wp\/v2\/users\/6"}],"replies":[{"embeddable":true,"href":"https:\/\/ibs-energy.com.br\/en\/wp-json\/wp\/v2\/comments?post=2846"}],"version-history":[{"count":4,"href":"https:\/\/ibs-energy.com.br\/en\/wp-json\/wp\/v2\/pages\/2846\/revisions"}],"predecessor-version":[{"id":2851,"href":"https:\/\/ibs-energy.com.br\/en\/wp-json\/wp\/v2\/pages\/2846\/revisions\/2851"}],"wp:attachment":[{"href":"https:\/\/ibs-energy.com.br\/en\/wp-json\/wp\/v2\/media?parent=2846"}],"curies":[{"name":"wp","href":"https:\/\/api.w.org\/{rel}","templated":true}]}}