{"id":191,"date":"2024-11-14T03:25:28","date_gmt":"2024-11-14T03:25:28","guid":{"rendered":"https:\/\/ibs-energy.com.br\/?page_id=191"},"modified":"2025-05-30T12:50:15","modified_gmt":"2025-05-30T12:50:15","slug":"termos-de-uso","status":"publish","type":"page","link":"https:\/\/ibs-energy.com.br\/en\/termos-de-uso\/","title":{"rendered":"Terms of Use \u2013 IBS Energy Group Website"},"content":{"rendered":"<p>These Terms of Use govern the use of the IBS Energy Group website, in accordance with Law No. 12.965\/2014 (Brazilian Civil Rights Framework for the Internet), Law No. 13.709\/2018 (General Data Protection Law \u2013 LGPD), and other applicable legislation. This website provides informational and commercial content, as well as specific functionalities for clients and those interested in our services, including resume submission.<\/p>\n\n\n\n<p><br><strong>Resume Submission<br><\/strong>To submit your resume, the user must provide their personal details along with a PDF file of the resume. \nThe user is fully responsible for providing only accurate, authentic, valid, complete, and up-to-date information. \nGrupo IBS Energy does not permit the publication of content that is discriminatory, offensive, unlawful, or that infringes copyrights or any other third-party rights.<\/p>\n\n\n\n<p><br><strong>Storage Validity<br><\/strong>By using the resume submission section of the website, the user agrees, through the acceptance statement in the submission form, to the storage and processing of the data contained in the resume for the purposes of analysis and potential inclusion in recruitment processes. The document must be submitted in PDF format. The user may request the deletion of their personal data at any time using the contact provided in the form.<\/p>\n\n\n\n<p><br>The resume will be stored for a period of 180 days, after which it will be automatically deleted from our database.\nThe user is responsible for providing accurate and updated information in their resume. Grupo IBS Energy is not responsible for false information provided and reserves the right to delete resumes containing incorrect information or those that are in breach of applicable law.<\/p>\n\n\n\n<p><br><strong>CONTACT US<\/strong><br>For more information or questions about these Terms of Use or data processing, the user may contact: contato@ibs-energy.com.br.<\/p>\n\n\n\n<p><br><strong>Governing Law and Jurisdiction<br><\/strong>All content and information published are protected by laws regulating copyrights, trademarks, and other distinctive signs. Total or partial reproduction of the content or information disclosed on the website is not allowed without prior authorization.\nGrupo IBS Energy does not permit the publication of content that is discriminatory, offensive, unlawful, or that infringes copyrights or any other third-party rights.<\/p>\n\n\n\n<p><br>Brazilian legislation shall apply to the interpretation of these Terms of Use. Any disputes arising from them shall be under the exclusive jurisdiction of the Central Court of the District of S\u00e3o Paulo, State of S\u00e3o Paulo, Brazil.<\/p>\n\n\n\n<p>Copyright \u00a9 2025 Grupo IBS Energy.<\/p>","protected":false},"excerpt":{"rendered":"<p>O presente Termo de Uso regula a utiliza\u00e7\u00e3o do website do Grupo IBS Energy, em conformidade com a Lei n.\u00ba 12.965\/2014 (Marco Civil da Internet), a Lei Geral de Prote\u00e7\u00e3o de Dados Pessoais (Lei n.\u00ba 13.709\/2018 &#8211; LGPD) e demais legisla\u00e7\u00f5es aplic\u00e1veis. Este website disponibiliza conte\u00fado informativo e comercial, al\u00e9m de funcionalidades espec\u00edficas para clientes e interessados em nossos servi\u00e7os, incluindo o envio de curr\u00edculos. Cadastro de Curr\u00edculoPara enviar seu curr\u00edculo, o usu\u00e1rio dever\u00e1 enviar seus dados juntamente anexando seu curr\u00edculo no formato PDF. \u00c9 de total responsabilidade do usu\u00e1rio fornecer apenas informa\u00e7\u00f5es corretas, aut\u00eanticas, v\u00e1lidas, completas e atualizadas. O Grupo IBS Energy n\u00e3o consente com a publica\u00e7\u00e3o de conte\u00fados que tenham natureza discriminat\u00f3ria, ofensiva ou il\u00edcita, ou ainda infrinjam direitos de autor ou quaisquer outros direitos de terceiros. Validade do armazenamentoAo utilizar a se\u00e7\u00e3o de envio de curr\u00edculos no website, o Usu\u00e1rio concorda, atrav\u00e9s do termo de aceita\u00e7\u00e3o presente no formul\u00e1rio de envio, com o armazenamento e o tratamento dos dados contidos no curr\u00edculo para fins de an\u00e1lise e poss\u00edvel inclus\u00e3o em processos seletivos, sendo permitido o envio do documento no formato PDF. O Usu\u00e1rio poder\u00e1, a qualquer momento, solicitar a exclus\u00e3o antecipada de seus dados pessoais por meio do contato informado no preenchimento do formul\u00e1rio mencionado. O curr\u00edculo permanecer\u00e1 armazenado por um per\u00edodo de 180 dias, ap\u00f3s o qual ser\u00e1 automaticamente exclu\u00eddo de nosso banco de dados. O Usu\u00e1rio \u00e9 respons\u00e1vel por fornecer informa\u00e7\u00f5es corretas e atualizadas em seu curr\u00edculo. O Grupo IBS Energy n\u00e3o se responsabiliza por informa\u00e7\u00f5es inver\u00eddicas fornecidas e se reserva o direito de excluir curr\u00edculos com informa\u00e7\u00f5es incorretas ou que estejam em desacordo com a legisla\u00e7\u00e3o vigente. ContatoPara mais informa\u00e7\u00f5es ou em caso de d\u00favidas sobre este Termo de Uso ou o tratamento de dados, o Usu\u00e1rio poder\u00e1 entrar em contato pelo e-mail contato@ibs-energy.com.br. Lei aplic\u00e1vel e foroTodos os conte\u00fados e informa\u00e7\u00f5es publicados s\u00e3o protegidos pelas leis que regulamentam direitos autorais, marcas e outros sinais distintivos, n\u00e3o sendo permitida a reprodu\u00e7\u00e3o total ou parcial dos conte\u00fados ou informa\u00e7\u00f5es divulgadas no website sem pr\u00e9via autoriza\u00e7\u00e3o. O Grupo IBS Energy n\u00e3o consente com a publica\u00e7\u00e3o de conte\u00fados que tenham natureza discriminat\u00f3ria, ofensiva ou il\u00edcita, ou que infrinjam direitos de autor ou quaisquer outros direitos de terceiros. Na interpreta\u00e7\u00e3o deste Termo de Uso, aplica-se a legisla\u00e7\u00e3o brasileira. Quaisquer lit\u00edgios relacionados ser\u00e3o da compet\u00eancia exclusiva do Foro Central de S\u00e3o Paulo\/SP. Copyright \u00a9 2025 Grupo IBS Energy.<\/p>","protected":false},"author":1,"featured_media":0,"parent":0,"menu_order":0,"comment_status":"closed","ping_status":"closed","template":"","meta":{"_acf_changed":false,"footnotes":""},"class_list":["post-191","page","type-page","status-publish","hentry"],"acf":[],"yoast_head":"<!-- This site is optimized with the Yoast SEO plugin v27.6 - https:\/\/yoast.com\/product\/yoast-seo-wordpress\/ -->\n<title>Termos de uso - Grupo IBS Energy<\/title>\n<meta name=\"robots\" content=\"index, follow, max-snippet:-1, max-image-preview:large, max-video-preview:-1\" \/>\n<link rel=\"canonical\" href=\"https:\/\/ibs-energy.com.br\/en\/termos-de-uso\/\" \/>\n<meta property=\"og:locale\" content=\"en_US\" \/>\n<meta property=\"og:type\" content=\"article\" \/>\n<meta property=\"og:title\" content=\"Termos de uso - Grupo IBS Energy\" \/>\n<meta property=\"og:description\" content=\"O presente Termo de Uso regula a utiliza\u00e7\u00e3o do website do Grupo IBS Energy, em conformidade com a Lei n.\u00ba 12.965\/2014 (Marco Civil da Internet), a Lei Geral de Prote\u00e7\u00e3o de Dados Pessoais (Lei n.\u00ba 13.709\/2018 &#8211; LGPD) e demais legisla\u00e7\u00f5es aplic\u00e1veis. Este website disponibiliza conte\u00fado informativo e comercial, al\u00e9m de funcionalidades espec\u00edficas para clientes e interessados em nossos servi\u00e7os, incluindo o envio de curr\u00edculos. Cadastro de Curr\u00edculoPara enviar seu curr\u00edculo, o usu\u00e1rio dever\u00e1 enviar seus dados juntamente anexando seu curr\u00edculo no formato PDF. \u00c9 de total responsabilidade do usu\u00e1rio fornecer apenas informa\u00e7\u00f5es corretas, aut\u00eanticas, v\u00e1lidas, completas e atualizadas. O Grupo IBS Energy n\u00e3o consente com a publica\u00e7\u00e3o de conte\u00fados que tenham natureza discriminat\u00f3ria, ofensiva ou il\u00edcita, ou ainda infrinjam direitos de autor ou quaisquer outros direitos de terceiros. Validade do armazenamentoAo utilizar a se\u00e7\u00e3o de envio de curr\u00edculos no website, o Usu\u00e1rio concorda, atrav\u00e9s do termo de aceita\u00e7\u00e3o presente no formul\u00e1rio de envio, com o armazenamento e o tratamento dos dados contidos no curr\u00edculo para fins de an\u00e1lise e poss\u00edvel inclus\u00e3o em processos seletivos, sendo permitido o envio do documento no formato PDF. O Usu\u00e1rio poder\u00e1, a qualquer momento, solicitar a exclus\u00e3o antecipada de seus dados pessoais por meio do contato informado no preenchimento do formul\u00e1rio mencionado. O curr\u00edculo permanecer\u00e1 armazenado por um per\u00edodo de 180 dias, ap\u00f3s o qual ser\u00e1 automaticamente exclu\u00eddo de nosso banco de dados. O Usu\u00e1rio \u00e9 respons\u00e1vel por fornecer informa\u00e7\u00f5es corretas e atualizadas em seu curr\u00edculo. O Grupo IBS Energy n\u00e3o se responsabiliza por informa\u00e7\u00f5es inver\u00eddicas fornecidas e se reserva o direito de excluir curr\u00edculos com informa\u00e7\u00f5es incorretas ou que estejam em desacordo com a legisla\u00e7\u00e3o vigente. ContatoPara mais informa\u00e7\u00f5es ou em caso de d\u00favidas sobre este Termo de Uso ou o tratamento de dados, o Usu\u00e1rio poder\u00e1 entrar em contato pelo e-mail contato@ibs-energy.com.br. Lei aplic\u00e1vel e foroTodos os conte\u00fados e informa\u00e7\u00f5es publicados s\u00e3o protegidos pelas leis que regulamentam direitos autorais, marcas e outros sinais distintivos, n\u00e3o sendo permitida a reprodu\u00e7\u00e3o total ou parcial dos conte\u00fados ou informa\u00e7\u00f5es divulgadas no website sem pr\u00e9via autoriza\u00e7\u00e3o. O Grupo IBS Energy n\u00e3o consente com a publica\u00e7\u00e3o de conte\u00fados que tenham natureza discriminat\u00f3ria, ofensiva ou il\u00edcita, ou que infrinjam direitos de autor ou quaisquer outros direitos de terceiros. Na interpreta\u00e7\u00e3o deste Termo de Uso, aplica-se a legisla\u00e7\u00e3o brasileira. Quaisquer lit\u00edgios relacionados ser\u00e3o da compet\u00eancia exclusiva do Foro Central de S\u00e3o Paulo\/SP. Copyright \u00a9 2025 Grupo IBS Energy.\" \/>\n<meta property=\"og:url\" content=\"https:\/\/ibs-energy.com.br\/en\/termos-de-uso\/\" \/>\n<meta property=\"og:site_name\" content=\"Grupo IBS Energy\" \/>\n<meta property=\"article:modified_time\" content=\"2025-05-30T12:50:15+00:00\" \/>\n<meta name=\"twitter:card\" content=\"summary_large_image\" \/>\n<meta name=\"twitter:label1\" content=\"Est. reading time\" \/>\n\t<meta name=\"twitter:data1\" content=\"3 minutes\" \/>\n<script type=\"application\/ld+json\" class=\"yoast-schema-graph\">{\"@context\":\"https:\\\/\\\/schema.org\",\"@graph\":[{\"@type\":\"WebPage\",\"@id\":\"https:\\\/\\\/ibs-energy.com.br\\\/termos-de-uso\\\/\",\"url\":\"https:\\\/\\\/ibs-energy.com.br\\\/termos-de-uso\\\/\",\"name\":\"Termos de uso - Grupo IBS Energy\",\"isPartOf\":{\"@id\":\"https:\\\/\\\/ibs-energy.com.br\\\/#website\"},\"datePublished\":\"2024-11-14T03:25:28+00:00\",\"dateModified\":\"2025-05-30T12:50:15+00:00\",\"breadcrumb\":{\"@id\":\"https:\\\/\\\/ibs-energy.com.br\\\/termos-de-uso\\\/#breadcrumb\"},\"inLanguage\":\"en-US\",\"potentialAction\":[{\"@type\":\"ReadAction\",\"target\":[\"https:\\\/\\\/ibs-energy.com.br\\\/termos-de-uso\\\/\"]}]},{\"@type\":\"BreadcrumbList\",\"@id\":\"https:\\\/\\\/ibs-energy.com.br\\\/termos-de-uso\\\/#breadcrumb\",\"itemListElement\":[{\"@type\":\"ListItem\",\"position\":1,\"name\":\"Home\",\"item\":\"https:\\\/\\\/ibs-energy.com.br\\\/\"},{\"@type\":\"ListItem\",\"position\":2,\"name\":\"Termos de uso\"}]},{\"@type\":\"WebSite\",\"@id\":\"https:\\\/\\\/ibs-energy.com.br\\\/#website\",\"url\":\"https:\\\/\\\/ibs-energy.com.br\\\/\",\"name\":\"Grupo IBS Energy\",\"description\":\"\",\"publisher\":{\"@id\":\"https:\\\/\\\/ibs-energy.com.br\\\/#organization\"},\"potentialAction\":[{\"@type\":\"SearchAction\",\"target\":{\"@type\":\"EntryPoint\",\"urlTemplate\":\"https:\\\/\\\/ibs-energy.com.br\\\/?s={search_term_string}\"},\"query-input\":{\"@type\":\"PropertyValueSpecification\",\"valueRequired\":true,\"valueName\":\"search_term_string\"}}],\"inLanguage\":\"en-US\"},{\"@type\":\"Organization\",\"@id\":\"https:\\\/\\\/ibs-energy.com.br\\\/#organization\",\"name\":\"Grupo IBS Energy\",\"url\":\"https:\\\/\\\/ibs-energy.com.br\\\/\",\"logo\":{\"@type\":\"ImageObject\",\"inLanguage\":\"en-US\",\"@id\":\"https:\\\/\\\/ibs-energy.com.br\\\/#\\\/schema\\\/logo\\\/image\\\/\",\"url\":\"https:\\\/\\\/ibs-energy.com.br\\\/wp-content\\\/uploads\\\/2024\\\/11\\\/logo-ibs.svg\",\"contentUrl\":\"https:\\\/\\\/ibs-energy.com.br\\\/wp-content\\\/uploads\\\/2024\\\/11\\\/logo-ibs.svg\",\"width\":95,\"height\":46,\"caption\":\"Grupo IBS Energy\"},\"image\":{\"@id\":\"https:\\\/\\\/ibs-energy.com.br\\\/#\\\/schema\\\/logo\\\/image\\\/\"}}]}<\/script>\n<!-- \/ Yoast SEO plugin. -->","yoast_head_json":{"title":"Termos de uso - Grupo IBS Energy","robots":{"index":"index","follow":"follow","max-snippet":"max-snippet:-1","max-image-preview":"max-image-preview:large","max-video-preview":"max-video-preview:-1"},"canonical":"https:\/\/ibs-energy.com.br\/en\/termos-de-uso\/","og_locale":"en_US","og_type":"article","og_title":"Termos de uso - Grupo IBS Energy","og_description":"O presente Termo de Uso regula a utiliza\u00e7\u00e3o do website do Grupo IBS Energy, em conformidade com a Lei n.\u00ba 12.965\/2014 (Marco Civil da Internet), a Lei Geral de Prote\u00e7\u00e3o de Dados Pessoais (Lei n.\u00ba 13.709\/2018 &#8211; LGPD) e demais legisla\u00e7\u00f5es aplic\u00e1veis. Este website disponibiliza conte\u00fado informativo e comercial, al\u00e9m de funcionalidades espec\u00edficas para clientes e interessados em nossos servi\u00e7os, incluindo o envio de curr\u00edculos. Cadastro de Curr\u00edculoPara enviar seu curr\u00edculo, o usu\u00e1rio dever\u00e1 enviar seus dados juntamente anexando seu curr\u00edculo no formato PDF. \u00c9 de total responsabilidade do usu\u00e1rio fornecer apenas informa\u00e7\u00f5es corretas, aut\u00eanticas, v\u00e1lidas, completas e atualizadas. O Grupo IBS Energy n\u00e3o consente com a publica\u00e7\u00e3o de conte\u00fados que tenham natureza discriminat\u00f3ria, ofensiva ou il\u00edcita, ou ainda infrinjam direitos de autor ou quaisquer outros direitos de terceiros. Validade do armazenamentoAo utilizar a se\u00e7\u00e3o de envio de curr\u00edculos no website, o Usu\u00e1rio concorda, atrav\u00e9s do termo de aceita\u00e7\u00e3o presente no formul\u00e1rio de envio, com o armazenamento e o tratamento dos dados contidos no curr\u00edculo para fins de an\u00e1lise e poss\u00edvel inclus\u00e3o em processos seletivos, sendo permitido o envio do documento no formato PDF. O Usu\u00e1rio poder\u00e1, a qualquer momento, solicitar a exclus\u00e3o antecipada de seus dados pessoais por meio do contato informado no preenchimento do formul\u00e1rio mencionado. O curr\u00edculo permanecer\u00e1 armazenado por um per\u00edodo de 180 dias, ap\u00f3s o qual ser\u00e1 automaticamente exclu\u00eddo de nosso banco de dados. O Usu\u00e1rio \u00e9 respons\u00e1vel por fornecer informa\u00e7\u00f5es corretas e atualizadas em seu curr\u00edculo. O Grupo IBS Energy n\u00e3o se responsabiliza por informa\u00e7\u00f5es inver\u00eddicas fornecidas e se reserva o direito de excluir curr\u00edculos com informa\u00e7\u00f5es incorretas ou que estejam em desacordo com a legisla\u00e7\u00e3o vigente. ContatoPara mais informa\u00e7\u00f5es ou em caso de d\u00favidas sobre este Termo de Uso ou o tratamento de dados, o Usu\u00e1rio poder\u00e1 entrar em contato pelo e-mail contato@ibs-energy.com.br. Lei aplic\u00e1vel e foroTodos os conte\u00fados e informa\u00e7\u00f5es publicados s\u00e3o protegidos pelas leis que regulamentam direitos autorais, marcas e outros sinais distintivos, n\u00e3o sendo permitida a reprodu\u00e7\u00e3o total ou parcial dos conte\u00fados ou informa\u00e7\u00f5es divulgadas no website sem pr\u00e9via autoriza\u00e7\u00e3o. O Grupo IBS Energy n\u00e3o consente com a publica\u00e7\u00e3o de conte\u00fados que tenham natureza discriminat\u00f3ria, ofensiva ou il\u00edcita, ou que infrinjam direitos de autor ou quaisquer outros direitos de terceiros. Na interpreta\u00e7\u00e3o deste Termo de Uso, aplica-se a legisla\u00e7\u00e3o brasileira. Quaisquer lit\u00edgios relacionados ser\u00e3o da compet\u00eancia exclusiva do Foro Central de S\u00e3o Paulo\/SP. Copyright \u00a9 2025 Grupo IBS Energy.","og_url":"https:\/\/ibs-energy.com.br\/en\/termos-de-uso\/","og_site_name":"Grupo IBS Energy","article_modified_time":"2025-05-30T12:50:15+00:00","twitter_card":"summary_large_image","twitter_misc":{"Est. reading time":"3 minutes"},"schema":{"@context":"https:\/\/schema.org","@graph":[{"@type":"WebPage","@id":"https:\/\/ibs-energy.com.br\/termos-de-uso\/","url":"https:\/\/ibs-energy.com.br\/termos-de-uso\/","name":"Termos de uso - Grupo IBS Energy","isPartOf":{"@id":"https:\/\/ibs-energy.com.br\/#website"},"datePublished":"2024-11-14T03:25:28+00:00","dateModified":"2025-05-30T12:50:15+00:00","breadcrumb":{"@id":"https:\/\/ibs-energy.com.br\/termos-de-uso\/#breadcrumb"},"inLanguage":"en-US","potentialAction":[{"@type":"ReadAction","target":["https:\/\/ibs-energy.com.br\/termos-de-uso\/"]}]},{"@type":"BreadcrumbList","@id":"https:\/\/ibs-energy.com.br\/termos-de-uso\/#breadcrumb","itemListElement":[{"@type":"ListItem","position":1,"name":"Home","item":"https:\/\/ibs-energy.com.br\/"},{"@type":"ListItem","position":2,"name":"Termos de uso"}]},{"@type":"WebSite","@id":"https:\/\/ibs-energy.com.br\/#website","url":"https:\/\/ibs-energy.com.br\/","name":"IBS Energy Group","description":"","publisher":{"@id":"https:\/\/ibs-energy.com.br\/#organization"},"potentialAction":[{"@type":"SearchAction","target":{"@type":"EntryPoint","urlTemplate":"https:\/\/ibs-energy.com.br\/?s={search_term_string}"},"query-input":{"@type":"PropertyValueSpecification","valueRequired":true,"valueName":"search_term_string"}}],"inLanguage":"en-US"},{"@type":"Organization","@id":"https:\/\/ibs-energy.com.br\/#organization","name":"IBS Energy Group","url":"https:\/\/ibs-energy.com.br\/","logo":{"@type":"ImageObject","inLanguage":"en-US","@id":"https:\/\/ibs-energy.com.br\/#\/schema\/logo\/image\/","url":"https:\/\/ibs-energy.com.br\/wp-content\/uploads\/2024\/11\/logo-ibs.svg","contentUrl":"https:\/\/ibs-energy.com.br\/wp-content\/uploads\/2024\/11\/logo-ibs.svg","width":95,"height":46,"caption":"Grupo IBS Energy"},"image":{"@id":"https:\/\/ibs-energy.com.br\/#\/schema\/logo\/image\/"}}]}},"_links":{"self":[{"href":"https:\/\/ibs-energy.com.br\/en\/wp-json\/wp\/v2\/pages\/191","targetHints":{"allow":["GET"]}}],"collection":[{"href":"https:\/\/ibs-energy.com.br\/en\/wp-json\/wp\/v2\/pages"}],"about":[{"href":"https:\/\/ibs-energy.com.br\/en\/wp-json\/wp\/v2\/types\/page"}],"author":[{"embeddable":true,"href":"https:\/\/ibs-energy.com.br\/en\/wp-json\/wp\/v2\/users\/1"}],"replies":[{"embeddable":true,"href":"https:\/\/ibs-energy.com.br\/en\/wp-json\/wp\/v2\/comments?post=191"}],"version-history":[{"count":15,"href":"https:\/\/ibs-energy.com.br\/en\/wp-json\/wp\/v2\/pages\/191\/revisions"}],"predecessor-version":[{"id":2449,"href":"https:\/\/ibs-energy.com.br\/en\/wp-json\/wp\/v2\/pages\/191\/revisions\/2449"}],"wp:attachment":[{"href":"https:\/\/ibs-energy.com.br\/en\/wp-json\/wp\/v2\/media?parent=191"}],"curies":[{"name":"wp","href":"https:\/\/api.w.org\/{rel}","templated":true}]}}